{"id":2459,"date":"2022-06-10T14:15:20","date_gmt":"2022-06-10T13:15:20","guid":{"rendered":"https:\/\/arnaud-lifephoto.fr\/?post_type=product&#038;p=2459"},"modified":"2022-06-12T16:32:32","modified_gmt":"2022-06-12T15:32:32","slug":"fictif","status":"publish","type":"product","link":"https:\/\/arnaud-lifephoto.fr\/index.php\/product\/fictif\/","title":{"rendered":"R\u00e8glement s\u00e9ance photo"},"content":{"rendered":"<p>Veuillez a bien s\u00e9lectionner votre formule.<\/p>\n<p><img loading=\"lazy\" class=\"alignnone wp-image-2142\" src=\"http:\/\/arnaud-lifephoto.fr\/wp-content\/uploads\/2022\/05\/tarif-300x267.jpg\" alt=\"\" width=\"534\" height=\"475\" srcset=\"https:\/\/arnaud-lifephoto.fr\/wp-content\/uploads\/2022\/05\/tarif-300x267.jpg 300w, https:\/\/arnaud-lifephoto.fr\/wp-content\/uploads\/2022\/05\/tarif-1024x910.jpg 1024w, https:\/\/arnaud-lifephoto.fr\/wp-content\/uploads\/2022\/05\/tarif-768x683.jpg 768w, https:\/\/arnaud-lifephoto.fr\/wp-content\/uploads\/2022\/05\/tarif-1536x1365.jpg 1536w, https:\/\/arnaud-lifephoto.fr\/wp-content\/uploads\/2022\/05\/tarif-2048x1821.jpg 2048w, https:\/\/arnaud-lifephoto.fr\/wp-content\/uploads\/2022\/05\/tarif-600x533.jpg 600w\" sizes=\"(max-width: 534px) 100vw, 534px\" \/><\/p>\n","protected":false},"excerpt":{"rendered":"<p>R\u00e8glement en ligne de prestation.<\/p>\n","protected":false},"featured_media":1685,"template":"","meta":[],"product_cat":[43],"product_tag":[],"_links":{"self":[{"href":"https:\/\/arnaud-lifephoto.fr\/index.php\/wp-json\/wp\/v2\/product\/2459"}],"collection":[{"href":"https:\/\/arnaud-lifephoto.fr\/index.php\/wp-json\/wp\/v2\/product"}],"about":[{"href":"https:\/\/arnaud-lifephoto.fr\/index.php\/wp-json\/wp\/v2\/types\/product"}],"version-history":[{"count":5,"href":"https:\/\/arnaud-lifephoto.fr\/index.php\/wp-json\/wp\/v2\/product\/2459\/revisions"}],"predecessor-version":[{"id":2516,"href":"https:\/\/arnaud-lifephoto.fr\/index.php\/wp-json\/wp\/v2\/product\/2459\/revisions\/2516"}],"wp:featuredmedia":[{"embeddable":true,"href":"https:\/\/arnaud-lifephoto.fr\/index.php\/wp-json\/wp\/v2\/media\/1685"}],"wp:attachment":[{"href":"https:\/\/arnaud-lifephoto.fr\/index.php\/wp-json\/wp\/v2\/media?parent=2459"}],"wp:term":[{"taxonomy":"product_cat","embeddable":true,"href":"https:\/\/arnaud-lifephoto.fr\/index.php\/wp-json\/wp\/v2\/product_cat?post=2459"},{"taxonomy":"product_tag","embeddable":true,"href":"https:\/\/arnaud-lifephoto.fr\/index.php\/wp-json\/wp\/v2\/product_tag?post=2459"}],"curies":[{"name":"wp","href":"https:\/\/api.w.org\/{rel}","templated":true}]}}